{"id":3062,"date":"2023-02-21T09:38:31","date_gmt":"2023-02-21T08:38:31","guid":{"rendered":"https:\/\/petitsoignons.complexe.foodle.co\/french-and-mediterranean-cuisine\/"},"modified":"2026-03-23T12:22:39","modified_gmt":"2026-03-23T11:22:39","slug":"french-and-mediterranean-cuisine","status":"publish","type":"page","link":"https:\/\/restaurant-petits-oignons-bruxelles.be\/en\/french-and-mediterranean-cuisine\/","title":{"rendered":"French and Mediterranean cuisine"},"content":{"rendered":"<div id='av_section_1'  class='avia-section av-ap2klr-2f8edfc5442218e8c001d0bc7a98977f main_color avia-section-default avia-no-border-styling  avia-builder-el-0  avia-builder-el-no-sibling  avia-bg-style-scroll container_wrap fullsize'  ><div class='container av-section-cont-open' ><main  role=\"main\" itemprop=\"mainContentOfPage\"  class='template-page content  av-content-full alpha units'><div class='post-entry post-entry-type-page post-entry-3062'><div class='entry-content-wrapper clearfix'>\n\n<style type=\"text\/css\" data-created_by=\"avia_inline_auto\" id=\"style-css-av-ledzzgta-2bb96edcafe7be42ae71228fc4128cf0\">\n#top .av-special-heading.av-ledzzgta-2bb96edcafe7be42ae71228fc4128cf0{\npadding-bottom:10px;\n}\nbody .av-special-heading.av-ledzzgta-2bb96edcafe7be42ae71228fc4128cf0 .av-special-heading-tag .heading-char{\nfont-size:25px;\n}\n.av-special-heading.av-ledzzgta-2bb96edcafe7be42ae71228fc4128cf0 .av-subheading{\nfont-size:15px;\n}\n<\/style>\n<div  class='av-special-heading av-ledzzgta-2bb96edcafe7be42ae71228fc4128cf0 av-special-heading-h1 blockquote modern-quote  avia-builder-el-1  el_before_av_textblock  avia-builder-el-first '><h1 class='av-special-heading-tag '  itemprop=\"headline\"  >The Carte<\/h1><div class=\"special-heading-border\"><div class=\"special-heading-inner-border\"><\/div><\/div><\/div>\n<section  class='av_textblock_section av-lee01yxb-485a88faa5e348194c917abb8348e9f9 '   itemscope=\"itemscope\" itemtype=\"https:\/\/schema.org\/CreativeWork\" ><div class='avia_textblock'  itemprop=\"text\" ><p>Our cuisine offers a gentle blend of French and Mediterranean cuisine, evolving with the seasons and market arrivals. All our dishes are home-made with high quality products carefully selected by us in order to offer you a gourmet and refined cuisine.<\/p>\n<\/div><\/section>\n<div  class='flex_column av-436m4v-286fde9925591ff12b4ba9866f0a23ba av_two_fifth  avia-builder-el-3  el_after_av_textblock  avia-builder-el-last  first flex_column_div  column-top-margin'     ><p><div  class='avia-button-wrap av-lee01ev2-6ad2fa6aa333d6f83b2f465c86c17651-wrap avia-button-left  avia-builder-el-4  el_before_av_button  avia-builder-el-first '><a href='\/wp-content\/uploads\/sites\/50\/2026\/03\/CARTE-JANVIER-2026-site.pdf'  class='avia-button av-lee01ev2-6ad2fa6aa333d6f83b2f465c86c17651 av-link-btn avia-icon_select-no avia-size-large avia-position-left avia-color-theme-color'  target=\"_blank\"  rel=\"noopener noreferrer\"  aria-label=\"The Carte\"><span class='avia_iconbox_title' >The Carte<\/span><\/a><\/div><br \/>\n<div  class='avia-button-wrap av-lee08tbz-85d6b93de8bd1827b8b336e64c4bc873-wrap avia-button-left  avia-builder-el-5  el_after_av_button  el_before_av_button '><a href='\/wp-content\/uploads\/sites\/50\/2023\/03\/Carte-vins-fevrier-2023-V4-copie.pdf'  class='avia-button av-lee08tbz-85d6b93de8bd1827b8b336e64c4bc873 av-link-btn avia-icon_select-no avia-size-large avia-position-left avia-color-theme-color'  target=\"_blank\"  rel=\"noopener noreferrer\"  aria-label=\"The wine list\"><span class='avia_iconbox_title' >The wine list<\/span><\/a><\/div><br \/>\n<div  class='avia-button-wrap av-35ju67-7390e742fd0635f6c0be8d1eb189b684-wrap avia-button-left  avia-builder-el-6  el_after_av_button  avia-builder-el-last '><a href='https:\/\/restaurant-petits-oignons-bruxelles.be\/en\/reservation-restaurant-brussels\/'  class='avia-button av-35ju67-7390e742fd0635f6c0be8d1eb189b684 av-link-btn avia-icon_select-no avia-size-large avia-position-left avia-color-theme-color'   aria-label=\"Book a table \"><span class='avia_iconbox_title' >Book a table <\/span><\/a><\/div><\/p><\/div>\n","protected":false},"excerpt":{"rendered":"","protected":false},"author":2,"featured_media":0,"parent":0,"menu_order":0,"comment_status":"closed","ping_status":"closed","template":"","meta":{"footnotes":""},"class_list":["post-3062","page","type-page","status-publish","hentry"],"yoast_head":"<!-- This site is optimized with the Yoast SEO plugin v27.5 - https:\/\/yoast.com\/product\/yoast-seo-wordpress\/ -->\n<title>French and Mediterranean cuisine - Les Petits Oignons<\/title>\n<meta name=\"description\" content=\"La cuisine fran\u00e7aise et m\u00e9diterran\u00e9enne est mise l&#039;honneur au restaurant &quot;Les Petits Oignons&quot;.\" \/>\n<meta name=\"robots\" content=\"index, follow, max-snippet:-1, max-image-preview:large, max-video-preview:-1\" \/>\n<link rel=\"canonical\" href=\"https:\/\/restaurant-petits-oignons-bruxelles.be\/en\/french-and-mediterranean-cuisine\/\" \/>\n<meta property=\"og:locale\" content=\"en_US\" \/>\n<meta property=\"og:type\" content=\"article\" \/>\n<meta property=\"og:title\" content=\"French and Mediterranean cuisine - Les Petits Oignons\" \/>\n<meta property=\"og:description\" content=\"La cuisine fran\u00e7aise et m\u00e9diterran\u00e9enne est mise l&#039;honneur au restaurant &quot;Les Petits Oignons&quot;.\" \/>\n<meta property=\"og:url\" content=\"https:\/\/restaurant-petits-oignons-bruxelles.be\/en\/french-and-mediterranean-cuisine\/\" \/>\n<meta property=\"og:site_name\" content=\"Les Petits Oignons\" \/>\n<meta property=\"article:publisher\" content=\"https:\/\/www.facebook.com\/petitsoignons\" \/>\n<meta property=\"article:modified_time\" content=\"2026-03-23T11:22:39+00:00\" \/>\n<meta name=\"twitter:card\" content=\"summary_large_image\" \/>\n<meta name=\"twitter:label1\" content=\"Est. reading time\" \/>\n\t<meta name=\"twitter:data1\" content=\"1 minute\" \/>\n<script type=\"application\/ld+json\" class=\"yoast-schema-graph\">{\"@context\":\"https:\\\/\\\/schema.org\",\"@graph\":[{\"@type\":\"WebPage\",\"@id\":\"https:\\\/\\\/restaurant-petits-oignons-bruxelles.be\\\/en\\\/french-and-mediterranean-cuisine\\\/\",\"url\":\"https:\\\/\\\/restaurant-petits-oignons-bruxelles.be\\\/en\\\/french-and-mediterranean-cuisine\\\/\",\"name\":\"French and Mediterranean cuisine - Les Petits Oignons\",\"isPartOf\":{\"@id\":\"https:\\\/\\\/restaurant-petits-oignons-bruxelles.be\\\/en\\\/#website\"},\"datePublished\":\"2023-02-21T08:38:31+00:00\",\"dateModified\":\"2026-03-23T11:22:39+00:00\",\"description\":\"La cuisine fran\u00e7aise et m\u00e9diterran\u00e9enne est mise l'honneur au restaurant \\\"Les Petits Oignons\\\".\",\"breadcrumb\":{\"@id\":\"https:\\\/\\\/restaurant-petits-oignons-bruxelles.be\\\/en\\\/french-and-mediterranean-cuisine\\\/#breadcrumb\"},\"inLanguage\":\"en-US\",\"potentialAction\":[{\"@type\":\"ReadAction\",\"target\":[\"https:\\\/\\\/restaurant-petits-oignons-bruxelles.be\\\/en\\\/french-and-mediterranean-cuisine\\\/\"]}]},{\"@type\":\"BreadcrumbList\",\"@id\":\"https:\\\/\\\/restaurant-petits-oignons-bruxelles.be\\\/en\\\/french-and-mediterranean-cuisine\\\/#breadcrumb\",\"itemListElement\":[{\"@type\":\"ListItem\",\"position\":1,\"name\":\"Accueil\",\"item\":\"https:\\\/\\\/restaurant-petits-oignons-bruxelles.be\\\/en\\\/\"},{\"@type\":\"ListItem\",\"position\":2,\"name\":\"French and Mediterranean cuisine\"}]},{\"@type\":\"WebSite\",\"@id\":\"https:\\\/\\\/restaurant-petits-oignons-bruxelles.be\\\/en\\\/#website\",\"url\":\"https:\\\/\\\/restaurant-petits-oignons-bruxelles.be\\\/en\\\/\",\"name\":\"Les Petits Oignons\",\"description\":\"Cuisine de brasserie d\u2019inspiration fran\u00e7aise et m\u00e9diterran\u00e9enne \u00e0 Bruxelles.\",\"publisher\":{\"@id\":\"https:\\\/\\\/restaurant-petits-oignons-bruxelles.be\\\/en\\\/#organization\"},\"potentialAction\":[{\"@type\":\"SearchAction\",\"target\":{\"@type\":\"EntryPoint\",\"urlTemplate\":\"https:\\\/\\\/restaurant-petits-oignons-bruxelles.be\\\/en\\\/?s={search_term_string}\"},\"query-input\":{\"@type\":\"PropertyValueSpecification\",\"valueRequired\":true,\"valueName\":\"search_term_string\"}}],\"inLanguage\":\"en-US\"},{\"@type\":\"Organization\",\"@id\":\"https:\\\/\\\/restaurant-petits-oignons-bruxelles.be\\\/en\\\/#organization\",\"name\":\"Les Petits Oignons\",\"url\":\"https:\\\/\\\/restaurant-petits-oignons-bruxelles.be\\\/en\\\/\",\"logo\":{\"@type\":\"ImageObject\",\"inLanguage\":\"en-US\",\"@id\":\"https:\\\/\\\/restaurant-petits-oignons-bruxelles.be\\\/en\\\/#\\\/schema\\\/logo\\\/image\\\/\",\"url\":\"https:\\\/\\\/petitsoignons.complexe.foodle.co\\\/wp-content\\\/uploads\\\/sites\\\/50\\\/2023\\\/01\\\/LOGO-petits-oignons.png\",\"contentUrl\":\"https:\\\/\\\/petitsoignons.complexe.foodle.co\\\/wp-content\\\/uploads\\\/sites\\\/50\\\/2023\\\/01\\\/LOGO-petits-oignons.png\",\"width\":822,\"height\":125,\"caption\":\"Les Petits Oignons\"},\"image\":{\"@id\":\"https:\\\/\\\/restaurant-petits-oignons-bruxelles.be\\\/en\\\/#\\\/schema\\\/logo\\\/image\\\/\"},\"sameAs\":[\"https:\\\/\\\/www.facebook.com\\\/petitsoignons\",\"https:\\\/\\\/www.instagram.com\\\/lespetitsoignons\\\/\"]}]}<\/script>\n<!-- \/ Yoast SEO plugin. -->","yoast_head_json":{"title":"French and Mediterranean cuisine - Les Petits Oignons","description":"La cuisine fran\u00e7aise et m\u00e9diterran\u00e9enne est mise l'honneur au restaurant \"Les Petits Oignons\".","robots":{"index":"index","follow":"follow","max-snippet":"max-snippet:-1","max-image-preview":"max-image-preview:large","max-video-preview":"max-video-preview:-1"},"canonical":"https:\/\/restaurant-petits-oignons-bruxelles.be\/en\/french-and-mediterranean-cuisine\/","og_locale":"en_US","og_type":"article","og_title":"French and Mediterranean cuisine - Les Petits Oignons","og_description":"La cuisine fran\u00e7aise et m\u00e9diterran\u00e9enne est mise l'honneur au restaurant \"Les Petits Oignons\".","og_url":"https:\/\/restaurant-petits-oignons-bruxelles.be\/en\/french-and-mediterranean-cuisine\/","og_site_name":"Les Petits Oignons","article_publisher":"https:\/\/www.facebook.com\/petitsoignons","article_modified_time":"2026-03-23T11:22:39+00:00","twitter_card":"summary_large_image","twitter_misc":{"Est. reading time":"1 minute"},"schema":{"@context":"https:\/\/schema.org","@graph":[{"@type":"WebPage","@id":"https:\/\/restaurant-petits-oignons-bruxelles.be\/en\/french-and-mediterranean-cuisine\/","url":"https:\/\/restaurant-petits-oignons-bruxelles.be\/en\/french-and-mediterranean-cuisine\/","name":"French and Mediterranean cuisine - Les Petits Oignons","isPartOf":{"@id":"https:\/\/restaurant-petits-oignons-bruxelles.be\/en\/#website"},"datePublished":"2023-02-21T08:38:31+00:00","dateModified":"2026-03-23T11:22:39+00:00","description":"La cuisine fran\u00e7aise et m\u00e9diterran\u00e9enne est mise l'honneur au restaurant \"Les Petits Oignons\".","breadcrumb":{"@id":"https:\/\/restaurant-petits-oignons-bruxelles.be\/en\/french-and-mediterranean-cuisine\/#breadcrumb"},"inLanguage":"en-US","potentialAction":[{"@type":"ReadAction","target":["https:\/\/restaurant-petits-oignons-bruxelles.be\/en\/french-and-mediterranean-cuisine\/"]}]},{"@type":"BreadcrumbList","@id":"https:\/\/restaurant-petits-oignons-bruxelles.be\/en\/french-and-mediterranean-cuisine\/#breadcrumb","itemListElement":[{"@type":"ListItem","position":1,"name":"Accueil","item":"https:\/\/restaurant-petits-oignons-bruxelles.be\/en\/"},{"@type":"ListItem","position":2,"name":"French and Mediterranean cuisine"}]},{"@type":"WebSite","@id":"https:\/\/restaurant-petits-oignons-bruxelles.be\/en\/#website","url":"https:\/\/restaurant-petits-oignons-bruxelles.be\/en\/","name":"Les Petits Oignons","description":"Cuisine de brasserie d\u2019inspiration fran\u00e7aise et m\u00e9diterran\u00e9enne \u00e0 Bruxelles.","publisher":{"@id":"https:\/\/restaurant-petits-oignons-bruxelles.be\/en\/#organization"},"potentialAction":[{"@type":"SearchAction","target":{"@type":"EntryPoint","urlTemplate":"https:\/\/restaurant-petits-oignons-bruxelles.be\/en\/?s={search_term_string}"},"query-input":{"@type":"PropertyValueSpecification","valueRequired":true,"valueName":"search_term_string"}}],"inLanguage":"en-US"},{"@type":"Organization","@id":"https:\/\/restaurant-petits-oignons-bruxelles.be\/en\/#organization","name":"Les Petits Oignons","url":"https:\/\/restaurant-petits-oignons-bruxelles.be\/en\/","logo":{"@type":"ImageObject","inLanguage":"en-US","@id":"https:\/\/restaurant-petits-oignons-bruxelles.be\/en\/#\/schema\/logo\/image\/","url":"https:\/\/petitsoignons.complexe.foodle.co\/wp-content\/uploads\/sites\/50\/2023\/01\/LOGO-petits-oignons.png","contentUrl":"https:\/\/petitsoignons.complexe.foodle.co\/wp-content\/uploads\/sites\/50\/2023\/01\/LOGO-petits-oignons.png","width":822,"height":125,"caption":"Les Petits Oignons"},"image":{"@id":"https:\/\/restaurant-petits-oignons-bruxelles.be\/en\/#\/schema\/logo\/image\/"},"sameAs":["https:\/\/www.facebook.com\/petitsoignons","https:\/\/www.instagram.com\/lespetitsoignons\/"]}]}},"_links":{"self":[{"href":"https:\/\/restaurant-petits-oignons-bruxelles.be\/en\/wp-json\/wp\/v2\/pages\/3062","targetHints":{"allow":["GET"]}}],"collection":[{"href":"https:\/\/restaurant-petits-oignons-bruxelles.be\/en\/wp-json\/wp\/v2\/pages"}],"about":[{"href":"https:\/\/restaurant-petits-oignons-bruxelles.be\/en\/wp-json\/wp\/v2\/types\/page"}],"author":[{"embeddable":true,"href":"https:\/\/restaurant-petits-oignons-bruxelles.be\/en\/wp-json\/wp\/v2\/users\/2"}],"replies":[{"embeddable":true,"href":"https:\/\/restaurant-petits-oignons-bruxelles.be\/en\/wp-json\/wp\/v2\/comments?post=3062"}],"version-history":[{"count":36,"href":"https:\/\/restaurant-petits-oignons-bruxelles.be\/en\/wp-json\/wp\/v2\/pages\/3062\/revisions"}],"predecessor-version":[{"id":4568,"href":"https:\/\/restaurant-petits-oignons-bruxelles.be\/en\/wp-json\/wp\/v2\/pages\/3062\/revisions\/4568"}],"wp:attachment":[{"href":"https:\/\/restaurant-petits-oignons-bruxelles.be\/en\/wp-json\/wp\/v2\/media?parent=3062"}],"curies":[{"name":"wp","href":"https:\/\/api.w.org\/{rel}","templated":true}]}}