{"id":3066,"date":"2023-02-21T10:22:42","date_gmt":"2023-02-21T09:22:42","guid":{"rendered":"https:\/\/petitsoignons.complexe.foodle.co\/history\/"},"modified":"2023-04-13T15:50:32","modified_gmt":"2023-04-13T13:50:32","slug":"history","status":"publish","type":"page","link":"https:\/\/restaurant-petits-oignons-bruxelles.be\/en\/history\/","title":{"rendered":"History"},"content":{"rendered":"<div id='av_section_1'  class='avia-section av-4v6f14-a318ede281f3b95161e6691f97fc0c31 main_color avia-section-default avia-no-border-styling  avia-builder-el-0  avia-builder-el-no-sibling  avia-bg-style-scroll container_wrap fullsize'  ><div class='container av-section-cont-open' ><main  role=\"main\" itemprop=\"mainContentOfPage\"  class='template-page content  av-content-full alpha units'><div class='post-entry post-entry-type-page post-entry-3066'><div class='entry-content-wrapper clearfix'>\n\n<style type=\"text\/css\" data-created_by=\"avia_inline_auto\" id=\"style-css-av-lee1g2p3-b582c493fcfca5fe0f778dd04edd59ac\">\n#top .av-special-heading.av-lee1g2p3-b582c493fcfca5fe0f778dd04edd59ac{\npadding-bottom:10px;\n}\nbody .av-special-heading.av-lee1g2p3-b582c493fcfca5fe0f778dd04edd59ac .av-special-heading-tag .heading-char{\nfont-size:25px;\n}\n.av-special-heading.av-lee1g2p3-b582c493fcfca5fe0f778dd04edd59ac .av-subheading{\nfont-size:15px;\n}\n<\/style>\n<div  class='av-special-heading av-lee1g2p3-b582c493fcfca5fe0f778dd04edd59ac av-special-heading-h1 blockquote modern-quote  avia-builder-el-1  el_before_av_hr  avia-builder-el-first '><h1 class='av-special-heading-tag '  itemprop=\"headline\"  >Our History<\/h1><div class=\"special-heading-border\"><div class=\"special-heading-inner-border\"><\/div><\/div><\/div>\n<div  class='hr av-1y8rns-f13901e5ae3300a33a41c4f7f6ad4315 hr-default  avia-builder-el-2  el_after_av_heading  el_before_av_textblock '><span class='hr-inner '><span class=\"hr-inner-style\"><\/span><\/span><\/div>\n<section  class='av_textblock_section av-lee1fqvm-9e8302fd6733efa8c37af70ccfca9e46 '   itemscope=\"itemscope\" itemtype=\"https:\/\/schema.org\/CreativeWork\" ><div class='avia_textblock'  itemprop=\"text\" ><p><strong>\u201cLes Petits Oignons\u201d was founded in 1986 by Khaled Zoughlami, originally taking root in the lower side of the town. After opening the Brigittines in Marolles and S\u00e9rafine in Ixelles, Khaled Zoughlami decided to relaunch &#8220;Les Petits Oignons&#8221; in 2008. The concept was the same, except for one detail: it was located at 25, Rue de la R\u00e9gence, a stone&#8217;s throw from the Sablons.<\/strong><\/p>\n<p><em>A look back at the history of Les Petits Oignons&#8230;<\/em><\/p>\n<p>In 1986, Frieda and Khaled Zoughlami decided to take over the former &#8220;Jardin des Marolles&#8221; to open &#8220;Les Petits Oignons&#8221; in a small street in the same district. At the beginning, the place was best known for serving traditional French and Belgian food at remarkably good value, from spare ribs to shrimp croquettes and the classic steak frites. Over the years, the cuisine has become more refined and<br \/>\nsophisticated, with the latest chef coming straight from a star Italian restaurant.<\/p>\n<p>From the beginning, the quality and freshness of the products have been the owners&#8217; top priorities, as well as the service and welcome. The menu is based on French classics with a Mediterranean touch, as the owner&#8217;s origins dictate.<\/p>\n<p>The growing success of Les Petits Oignons has made it &#8220;the&#8221; place to be in the city. After 20 years in the area, the Zoughlamis decided to step back and hand over the business to a French couple who, unfortunately, did not enjoy the same success.<\/p>\n<p>In 2011, the corner of Rue de la R\u00e9gence became available, and it was irresistible. Khaled, assisted by his daughter Rym, reopened his restaurant. Les Petits Oignons was back in business, in front of the Conservatoire, in a magnificent and luminous house. The decor has evolved, contemporary and timeless at the same time. The cuisine is in the same vein as that of the Rue Notre Seigneur, but with a &#8220;Brasserie&#8221; touch. In winter, for example, a delicious sauerkraut is served, and in summer, a mussel casserole. It is with emotion that the new address, after a six-year break, wins back its former customers, and discovers new ones from the neighborhood and beyond.<\/p>\n<p>During the 2022 competition for the best shrimp croquette in Brussels, the chefs present at the blind tasting awarded the &#8220;coup de coeur&#8221; prize to the restaurant Les Petits Oignons for its &#8220;croquette that is absolutely perfect in its execution, almost academic in its classicism but perfectly tasty, with an ideal texture&#8221;.<\/p>\n<p>In January 2023, the restaurant was taken over by Thomas Fischer, an entrepreneur who already spent 10 years in the hotel and catering industry with the Art Blanc group. Faithful to the history of the brasserie, the new owner is keen to preserve the spirit of the establishment while giving it a modern touch.<\/p>\n<\/div><\/section>\n\n","protected":false},"excerpt":{"rendered":"","protected":false},"author":2,"featured_media":0,"parent":0,"menu_order":0,"comment_status":"closed","ping_status":"closed","template":"","meta":{"footnotes":""},"class_list":["post-3066","page","type-page","status-publish","hentry"],"yoast_head":"<!-- This site is optimized with the Yoast SEO plugin v27.5 - https:\/\/yoast.com\/product\/yoast-seo-wordpress\/ -->\n<title>History - Les Petits Oignons<\/title>\n<meta name=\"robots\" content=\"index, follow, max-snippet:-1, max-image-preview:large, max-video-preview:-1\" \/>\n<link rel=\"canonical\" href=\"https:\/\/restaurant-petits-oignons-bruxelles.be\/en\/history\/\" \/>\n<meta property=\"og:locale\" content=\"en_US\" \/>\n<meta property=\"og:type\" content=\"article\" \/>\n<meta property=\"og:title\" content=\"History - Les Petits Oignons\" \/>\n<meta property=\"og:url\" content=\"https:\/\/restaurant-petits-oignons-bruxelles.be\/en\/history\/\" \/>\n<meta property=\"og:site_name\" content=\"Les Petits Oignons\" \/>\n<meta property=\"article:publisher\" content=\"https:\/\/www.facebook.com\/petitsoignons\" \/>\n<meta property=\"article:modified_time\" content=\"2023-04-13T13:50:32+00:00\" \/>\n<meta name=\"twitter:card\" content=\"summary_large_image\" \/>\n<meta name=\"twitter:label1\" content=\"Est. reading time\" \/>\n\t<meta name=\"twitter:data1\" content=\"5 minutes\" \/>\n<script type=\"application\/ld+json\" class=\"yoast-schema-graph\">{\"@context\":\"https:\\\/\\\/schema.org\",\"@graph\":[{\"@type\":\"WebPage\",\"@id\":\"https:\\\/\\\/restaurant-petits-oignons-bruxelles.be\\\/en\\\/history\\\/\",\"url\":\"https:\\\/\\\/restaurant-petits-oignons-bruxelles.be\\\/en\\\/history\\\/\",\"name\":\"History - Les Petits Oignons\",\"isPartOf\":{\"@id\":\"https:\\\/\\\/restaurant-petits-oignons-bruxelles.be\\\/en\\\/#website\"},\"datePublished\":\"2023-02-21T09:22:42+00:00\",\"dateModified\":\"2023-04-13T13:50:32+00:00\",\"breadcrumb\":{\"@id\":\"https:\\\/\\\/restaurant-petits-oignons-bruxelles.be\\\/en\\\/history\\\/#breadcrumb\"},\"inLanguage\":\"en-US\",\"potentialAction\":[{\"@type\":\"ReadAction\",\"target\":[\"https:\\\/\\\/restaurant-petits-oignons-bruxelles.be\\\/en\\\/history\\\/\"]}]},{\"@type\":\"BreadcrumbList\",\"@id\":\"https:\\\/\\\/restaurant-petits-oignons-bruxelles.be\\\/en\\\/history\\\/#breadcrumb\",\"itemListElement\":[{\"@type\":\"ListItem\",\"position\":1,\"name\":\"Accueil\",\"item\":\"https:\\\/\\\/restaurant-petits-oignons-bruxelles.be\\\/en\\\/\"},{\"@type\":\"ListItem\",\"position\":2,\"name\":\"History\"}]},{\"@type\":\"WebSite\",\"@id\":\"https:\\\/\\\/restaurant-petits-oignons-bruxelles.be\\\/en\\\/#website\",\"url\":\"https:\\\/\\\/restaurant-petits-oignons-bruxelles.be\\\/en\\\/\",\"name\":\"Les Petits Oignons\",\"description\":\"Cuisine de brasserie d\u2019inspiration fran\u00e7aise et m\u00e9diterran\u00e9enne \u00e0 Bruxelles.\",\"publisher\":{\"@id\":\"https:\\\/\\\/restaurant-petits-oignons-bruxelles.be\\\/en\\\/#organization\"},\"potentialAction\":[{\"@type\":\"SearchAction\",\"target\":{\"@type\":\"EntryPoint\",\"urlTemplate\":\"https:\\\/\\\/restaurant-petits-oignons-bruxelles.be\\\/en\\\/?s={search_term_string}\"},\"query-input\":{\"@type\":\"PropertyValueSpecification\",\"valueRequired\":true,\"valueName\":\"search_term_string\"}}],\"inLanguage\":\"en-US\"},{\"@type\":\"Organization\",\"@id\":\"https:\\\/\\\/restaurant-petits-oignons-bruxelles.be\\\/en\\\/#organization\",\"name\":\"Les Petits Oignons\",\"url\":\"https:\\\/\\\/restaurant-petits-oignons-bruxelles.be\\\/en\\\/\",\"logo\":{\"@type\":\"ImageObject\",\"inLanguage\":\"en-US\",\"@id\":\"https:\\\/\\\/restaurant-petits-oignons-bruxelles.be\\\/en\\\/#\\\/schema\\\/logo\\\/image\\\/\",\"url\":\"https:\\\/\\\/petitsoignons.complexe.foodle.co\\\/wp-content\\\/uploads\\\/sites\\\/50\\\/2023\\\/01\\\/LOGO-petits-oignons.png\",\"contentUrl\":\"https:\\\/\\\/petitsoignons.complexe.foodle.co\\\/wp-content\\\/uploads\\\/sites\\\/50\\\/2023\\\/01\\\/LOGO-petits-oignons.png\",\"width\":822,\"height\":125,\"caption\":\"Les Petits Oignons\"},\"image\":{\"@id\":\"https:\\\/\\\/restaurant-petits-oignons-bruxelles.be\\\/en\\\/#\\\/schema\\\/logo\\\/image\\\/\"},\"sameAs\":[\"https:\\\/\\\/www.facebook.com\\\/petitsoignons\",\"https:\\\/\\\/www.instagram.com\\\/lespetitsoignons\\\/\"]}]}<\/script>\n<!-- \/ Yoast SEO plugin. -->","yoast_head_json":{"title":"History - Les Petits Oignons","robots":{"index":"index","follow":"follow","max-snippet":"max-snippet:-1","max-image-preview":"max-image-preview:large","max-video-preview":"max-video-preview:-1"},"canonical":"https:\/\/restaurant-petits-oignons-bruxelles.be\/en\/history\/","og_locale":"en_US","og_type":"article","og_title":"History - Les Petits Oignons","og_url":"https:\/\/restaurant-petits-oignons-bruxelles.be\/en\/history\/","og_site_name":"Les Petits Oignons","article_publisher":"https:\/\/www.facebook.com\/petitsoignons","article_modified_time":"2023-04-13T13:50:32+00:00","twitter_card":"summary_large_image","twitter_misc":{"Est. reading time":"5 minutes"},"schema":{"@context":"https:\/\/schema.org","@graph":[{"@type":"WebPage","@id":"https:\/\/restaurant-petits-oignons-bruxelles.be\/en\/history\/","url":"https:\/\/restaurant-petits-oignons-bruxelles.be\/en\/history\/","name":"History - Les Petits Oignons","isPartOf":{"@id":"https:\/\/restaurant-petits-oignons-bruxelles.be\/en\/#website"},"datePublished":"2023-02-21T09:22:42+00:00","dateModified":"2023-04-13T13:50:32+00:00","breadcrumb":{"@id":"https:\/\/restaurant-petits-oignons-bruxelles.be\/en\/history\/#breadcrumb"},"inLanguage":"en-US","potentialAction":[{"@type":"ReadAction","target":["https:\/\/restaurant-petits-oignons-bruxelles.be\/en\/history\/"]}]},{"@type":"BreadcrumbList","@id":"https:\/\/restaurant-petits-oignons-bruxelles.be\/en\/history\/#breadcrumb","itemListElement":[{"@type":"ListItem","position":1,"name":"Accueil","item":"https:\/\/restaurant-petits-oignons-bruxelles.be\/en\/"},{"@type":"ListItem","position":2,"name":"History"}]},{"@type":"WebSite","@id":"https:\/\/restaurant-petits-oignons-bruxelles.be\/en\/#website","url":"https:\/\/restaurant-petits-oignons-bruxelles.be\/en\/","name":"Les Petits Oignons","description":"Cuisine de brasserie d\u2019inspiration fran\u00e7aise et m\u00e9diterran\u00e9enne \u00e0 Bruxelles.","publisher":{"@id":"https:\/\/restaurant-petits-oignons-bruxelles.be\/en\/#organization"},"potentialAction":[{"@type":"SearchAction","target":{"@type":"EntryPoint","urlTemplate":"https:\/\/restaurant-petits-oignons-bruxelles.be\/en\/?s={search_term_string}"},"query-input":{"@type":"PropertyValueSpecification","valueRequired":true,"valueName":"search_term_string"}}],"inLanguage":"en-US"},{"@type":"Organization","@id":"https:\/\/restaurant-petits-oignons-bruxelles.be\/en\/#organization","name":"Les Petits Oignons","url":"https:\/\/restaurant-petits-oignons-bruxelles.be\/en\/","logo":{"@type":"ImageObject","inLanguage":"en-US","@id":"https:\/\/restaurant-petits-oignons-bruxelles.be\/en\/#\/schema\/logo\/image\/","url":"https:\/\/petitsoignons.complexe.foodle.co\/wp-content\/uploads\/sites\/50\/2023\/01\/LOGO-petits-oignons.png","contentUrl":"https:\/\/petitsoignons.complexe.foodle.co\/wp-content\/uploads\/sites\/50\/2023\/01\/LOGO-petits-oignons.png","width":822,"height":125,"caption":"Les Petits Oignons"},"image":{"@id":"https:\/\/restaurant-petits-oignons-bruxelles.be\/en\/#\/schema\/logo\/image\/"},"sameAs":["https:\/\/www.facebook.com\/petitsoignons","https:\/\/www.instagram.com\/lespetitsoignons\/"]}]}},"_links":{"self":[{"href":"https:\/\/restaurant-petits-oignons-bruxelles.be\/en\/wp-json\/wp\/v2\/pages\/3066","targetHints":{"allow":["GET"]}}],"collection":[{"href":"https:\/\/restaurant-petits-oignons-bruxelles.be\/en\/wp-json\/wp\/v2\/pages"}],"about":[{"href":"https:\/\/restaurant-petits-oignons-bruxelles.be\/en\/wp-json\/wp\/v2\/types\/page"}],"author":[{"embeddable":true,"href":"https:\/\/restaurant-petits-oignons-bruxelles.be\/en\/wp-json\/wp\/v2\/users\/2"}],"replies":[{"embeddable":true,"href":"https:\/\/restaurant-petits-oignons-bruxelles.be\/en\/wp-json\/wp\/v2\/comments?post=3066"}],"version-history":[{"count":2,"href":"https:\/\/restaurant-petits-oignons-bruxelles.be\/en\/wp-json\/wp\/v2\/pages\/3066\/revisions"}],"predecessor-version":[{"id":3068,"href":"https:\/\/restaurant-petits-oignons-bruxelles.be\/en\/wp-json\/wp\/v2\/pages\/3066\/revisions\/3068"}],"wp:attachment":[{"href":"https:\/\/restaurant-petits-oignons-bruxelles.be\/en\/wp-json\/wp\/v2\/media?parent=3066"}],"curies":[{"name":"wp","href":"https:\/\/api.w.org\/{rel}","templated":true}]}}