{"id":3069,"date":"2023-02-21T10:40:50","date_gmt":"2023-02-21T09:40:50","guid":{"rendered":"https:\/\/petitsoignons.complexe.foodle.co\/press\/"},"modified":"2023-04-13T15:56:08","modified_gmt":"2023-04-13T13:56:08","slug":"press","status":"publish","type":"page","link":"https:\/\/restaurant-petits-oignons-bruxelles.be\/en\/press\/","title":{"rendered":"Press"},"content":{"rendered":"<div id='av_section_1'  class='avia-section av-4g7kw4-cc0336193fd509e20d600634cdf3d9ef main_color avia-section-default avia-no-border-styling  avia-builder-el-0  avia-builder-el-no-sibling  avia-bg-style-scroll container_wrap fullsize'  ><div class='container av-section-cont-open' ><main  role=\"main\" itemprop=\"mainContentOfPage\"  class='template-page content  av-content-full alpha units'><div class='post-entry post-entry-type-page post-entry-3069'><div class='entry-content-wrapper clearfix'>\n\n<style type=\"text\/css\" data-created_by=\"avia_inline_auto\" id=\"style-css-av-lee22b07-e9e405fb0ea27135fa9347ac7a13be66\">\n#top .av-special-heading.av-lee22b07-e9e405fb0ea27135fa9347ac7a13be66{\npadding-bottom:10px;\n}\nbody .av-special-heading.av-lee22b07-e9e405fb0ea27135fa9347ac7a13be66 .av-special-heading-tag .heading-char{\nfont-size:25px;\n}\n.av-special-heading.av-lee22b07-e9e405fb0ea27135fa9347ac7a13be66 .av-subheading{\nfont-size:15px;\n}\n<\/style>\n<div  class='av-special-heading av-lee22b07-e9e405fb0ea27135fa9347ac7a13be66 av-special-heading-h1 blockquote modern-quote  avia-builder-el-1  el_before_av_textblock  avia-builder-el-first '><h1 class='av-special-heading-tag '  itemprop=\"headline\"  >Press<\/h1><div class=\"special-heading-border\"><div class=\"special-heading-inner-border\"><\/div><\/div><\/div>\n<section  class='av_textblock_section av-lee22pui-c98abfac2419b2b1b7b42d3ca9e996b8 '   itemscope=\"itemscope\" itemtype=\"https:\/\/schema.org\/CreativeWork\" ><div class='avia_textblock'  itemprop=\"text\" ><p>Some articles about Les Petits Oignons in the press.<\/p>\n<\/div><\/section>\n<div  class='hr av-3576ys-b252d0cdaa269d6edfe0924c3ce1061e hr-default  avia-builder-el-3  el_after_av_textblock  el_before_av_blog '><span class='hr-inner '><span class=\"hr-inner-style\"><\/span><\/span><\/div>\n<div  data-slideshow-options=\"{&quot;animation&quot;:&quot;fade&quot;,&quot;autoplay&quot;:false,&quot;loop_autoplay&quot;:&quot;once&quot;,&quot;interval&quot;:5,&quot;loop_manual&quot;:&quot;manual-endless&quot;,&quot;autoplay_stopper&quot;:false,&quot;noNavigation&quot;:false,&quot;show_slide_delay&quot;:90}\" class='avia-content-slider avia-content-grid-active avia-content-slider1 avia-content-slider-odd  avia-builder-el-4  el_after_av_hr  avia-builder-el-last  av-slideshow-ui av-control-default   av-no-slider-navigation av-slideshow-manual av-loop-once av-loop-manual-endless '  itemscope=\"itemscope\" itemtype=\"https:\/\/schema.org\/Blog\" ><div class=\"avia-content-slider-inner\"><div class=\"slide-entry-wrap\"><article class='slide-entry flex_column  post-entry post-entry-4425 slide-entry-overview slide-loop-1 slide-parity-odd  av_one_third first real-thumbnail posttype-post post-format-standard'  itemscope=\"itemscope\" itemtype=\"https:\/\/schema.org\/CreativeWork\" ><a href='https:\/\/restaurant-petits-oignons-bruxelles.be\/en\/top-bruselas-los-mejores-restaurantes-de-la-zona-del-sablon\/' data-rel='slide-1' class='slide-image' title='Top Bruselas :\u00a0Los mejores restaurantes de la zona del Sablon'><img decoding=\"async\" fetchpriority=\"high\" width=\"495\" height=\"400\" src=\"https:\/\/restaurant-petits-oignons-bruxelles.be\/wp-content\/uploads\/sites\/50\/2025\/04\/LesPetitsOignons_\u00a9_Maurine_Toussaint-8-495x400.jpg\" class=\"wp-image-4407 avia-img-lazy-loading-not-4407 attachment-portfolio size-portfolio wp-post-image\" alt=\"\" srcset=\"https:\/\/restaurant-petits-oignons-bruxelles.be\/wp-content\/uploads\/sites\/50\/2025\/04\/LesPetitsOignons_\u00a9_Maurine_Toussaint-8-495x400.jpg 495w, https:\/\/restaurant-petits-oignons-bruxelles.be\/wp-content\/uploads\/sites\/50\/2025\/04\/LesPetitsOignons_\u00a9_Maurine_Toussaint-8-845x684.jpg 845w\" sizes=\"(max-width: 495px) 100vw, 495px\" \/><\/a><div class=\"slide-content\"><header class=\"entry-content-header\" aria-label=\"Slide: Top Bruselas :\u00a0Los mejores restaurantes de la zona del Sablon\"><h3 class='slide-entry-title entry-title '  itemprop=\"headline\" ><a href='https:\/\/restaurant-petits-oignons-bruxelles.be\/en\/top-bruselas-los-mejores-restaurantes-de-la-zona-del-sablon\/' title='Top Bruselas :\u00a0Los mejores restaurantes de la zona del Sablon'>Top Bruselas :\u00a0Los mejores restaurantes de la zona del Sablon<\/a><\/h3><span class=\"av-vertical-delimiter\"><\/span><\/header><\/div><footer class=\"entry-footer\"><\/footer><span class='hidden'>\n\t\t\t\t<span class='av-structured-data'  itemprop=\"image\" itemscope=\"itemscope\" itemtype=\"https:\/\/schema.org\/ImageObject\" >\n\t\t\t\t\t\t<span itemprop='url'>https:\/\/restaurant-petits-oignons-bruxelles.be\/wp-content\/uploads\/sites\/50\/2025\/04\/LesPetitsOignons_\u00a9_Maurine_Toussaint-8.jpg<\/span>\n\t\t\t\t\t\t<span itemprop='height'>1536<\/span>\n\t\t\t\t\t\t<span itemprop='width'>1024<\/span>\n\t\t\t\t<\/span>\n\t\t\t\t<span class='av-structured-data'  itemprop=\"publisher\" itemtype=\"https:\/\/schema.org\/Organization\" itemscope=\"itemscope\" >\n\t\t\t\t\t\t<span itemprop='name'>Pierre Debski<\/span>\n\t\t\t\t\t\t<span itemprop='logo' itemscope itemtype='https:\/\/schema.org\/ImageObject'>\n\t\t\t\t\t\t\t<span itemprop='url'>https:\/\/petitsoignons.complexe.foodle.co\/wp-content\/uploads\/sites\/50\/2023\/04\/LesPetitsOignons-Sablon.png<\/span>\n\t\t\t\t\t\t<\/span>\n\t\t\t\t<\/span><span class='av-structured-data'  itemprop=\"author\" itemscope=\"itemscope\" itemtype=\"https:\/\/schema.org\/Person\" ><span itemprop='name'>Pierre Debski<\/span><\/span><span class='av-structured-data'  itemprop=\"datePublished\" datetime=\"2023-02-21T10:40:50+01:00\" >2025-04-29 21:04:45<\/span><span class='av-structured-data'  itemprop=\"dateModified\" itemtype=\"https:\/\/schema.org\/dateModified\" >2025-04-29 21:07:52<\/span><span class='av-structured-data'  itemprop=\"mainEntityOfPage\" itemtype=\"https:\/\/schema.org\/mainEntityOfPage\" ><span itemprop='name'>Top Bruselas :\u00a0Los mejores restaurantes de la zona del Sablon<\/span><\/span><\/span><\/article><article class='slide-entry flex_column  post-entry post-entry-4429 slide-entry-overview slide-loop-2 slide-parity-even  av_one_third  real-thumbnail posttype-post post-format-standard'  itemscope=\"itemscope\" itemtype=\"https:\/\/schema.org\/CreativeWork\" ><a href='https:\/\/restaurant-petits-oignons-bruxelles.be\/en\/max-sudinfo-be-teste-les-petits-oignons-brasserie-chic-du-centre\/' data-rel='slide-1' class='slide-image' title='Max.Sudinfo.be :\u00a0Teste : Les Petits Oignons, brasserie chic du centre'><img decoding=\"async\" fetchpriority=\"high\" width=\"495\" height=\"400\" src=\"https:\/\/restaurant-petits-oignons-bruxelles.be\/wp-content\/uploads\/sites\/50\/2025\/04\/IMG_6194-495x400.jpg\" class=\"wp-image-4403 avia-img-lazy-loading-not-4403 attachment-portfolio size-portfolio wp-post-image\" alt=\"\" srcset=\"https:\/\/restaurant-petits-oignons-bruxelles.be\/wp-content\/uploads\/sites\/50\/2025\/04\/IMG_6194-495x400.jpg 495w, https:\/\/restaurant-petits-oignons-bruxelles.be\/wp-content\/uploads\/sites\/50\/2025\/04\/IMG_6194-845x684.jpg 845w\" sizes=\"(max-width: 495px) 100vw, 495px\" \/><\/a><div class=\"slide-content\"><header class=\"entry-content-header\" aria-label=\"Slide: Max.Sudinfo.be :\u00a0Teste : Les Petits Oignons, brasserie chic du centre\"><h3 class='slide-entry-title entry-title '  itemprop=\"headline\" ><a href='https:\/\/restaurant-petits-oignons-bruxelles.be\/en\/max-sudinfo-be-teste-les-petits-oignons-brasserie-chic-du-centre\/' title='Max.Sudinfo.be :\u00a0Teste : Les Petits Oignons, brasserie chic du centre'>Max.Sudinfo.be :\u00a0Teste : Les Petits Oignons, brasserie chic du centre<\/a><\/h3><span class=\"av-vertical-delimiter\"><\/span><\/header><\/div><footer class=\"entry-footer\"><\/footer><span class='hidden'>\n\t\t\t\t<span class='av-structured-data'  itemprop=\"image\" itemscope=\"itemscope\" itemtype=\"https:\/\/schema.org\/ImageObject\" >\n\t\t\t\t\t\t<span itemprop='url'>https:\/\/restaurant-petits-oignons-bruxelles.be\/wp-content\/uploads\/sites\/50\/2025\/04\/IMG_6194-scaled.jpg<\/span>\n\t\t\t\t\t\t<span itemprop='height'>2560<\/span>\n\t\t\t\t\t\t<span itemprop='width'>1707<\/span>\n\t\t\t\t<\/span>\n\t\t\t\t<span class='av-structured-data'  itemprop=\"publisher\" itemtype=\"https:\/\/schema.org\/Organization\" itemscope=\"itemscope\" >\n\t\t\t\t\t\t<span itemprop='name'>Pierre Debski<\/span>\n\t\t\t\t\t\t<span itemprop='logo' itemscope itemtype='https:\/\/schema.org\/ImageObject'>\n\t\t\t\t\t\t\t<span itemprop='url'>https:\/\/petitsoignons.complexe.foodle.co\/wp-content\/uploads\/sites\/50\/2023\/04\/LesPetitsOignons-Sablon.png<\/span>\n\t\t\t\t\t\t<\/span>\n\t\t\t\t<\/span><span class='av-structured-data'  itemprop=\"author\" itemscope=\"itemscope\" itemtype=\"https:\/\/schema.org\/Person\" ><span itemprop='name'>Pierre Debski<\/span><\/span><span class='av-structured-data'  itemprop=\"datePublished\" datetime=\"2023-02-21T10:40:50+01:00\" >2025-04-29 21:03:36<\/span><span class='av-structured-data'  itemprop=\"dateModified\" itemtype=\"https:\/\/schema.org\/dateModified\" >2025-04-29 21:08:15<\/span><span class='av-structured-data'  itemprop=\"mainEntityOfPage\" itemtype=\"https:\/\/schema.org\/mainEntityOfPage\" ><span itemprop='name'>Max.Sudinfo.be :\u00a0Teste : Les Petits Oignons, brasserie chic du centre<\/span><\/span><\/span><\/article><article class='slide-entry flex_column  post-entry post-entry-4431 slide-entry-overview slide-loop-3 slide-parity-odd  post-entry-last  av_one_third  real-thumbnail posttype-post post-format-standard'  itemscope=\"itemscope\" itemtype=\"https:\/\/schema.org\/CreativeWork\" ><a href='https:\/\/restaurant-petits-oignons-bruxelles.be\/en\/stefaan-de-winter-les-petits-oignons-een-bruisende-brasserie-in-het-hart-van-brussel\/' data-rel='slide-1' class='slide-image' title='Stefaan De Winter :\u00a0Les Petits Oignons, een bruisende brasserie in het hart van Brussel'><img decoding=\"async\" fetchpriority=\"high\" width=\"495\" height=\"400\" src=\"https:\/\/restaurant-petits-oignons-bruxelles.be\/wp-content\/uploads\/sites\/50\/2025\/04\/IMG_6292-495x400.jpg\" class=\"wp-image-4399 avia-img-lazy-loading-not-4399 attachment-portfolio size-portfolio wp-post-image\" alt=\"\" srcset=\"https:\/\/restaurant-petits-oignons-bruxelles.be\/wp-content\/uploads\/sites\/50\/2025\/04\/IMG_6292-495x400.jpg 495w, https:\/\/restaurant-petits-oignons-bruxelles.be\/wp-content\/uploads\/sites\/50\/2025\/04\/IMG_6292-845x684.jpg 845w\" sizes=\"(max-width: 495px) 100vw, 495px\" \/><\/a><div class=\"slide-content\"><header class=\"entry-content-header\" aria-label=\"Slide: Stefaan De Winter :\u00a0Les Petits Oignons, een bruisende brasserie in het hart van Brussel\"><h3 class='slide-entry-title entry-title '  itemprop=\"headline\" ><a href='https:\/\/restaurant-petits-oignons-bruxelles.be\/en\/stefaan-de-winter-les-petits-oignons-een-bruisende-brasserie-in-het-hart-van-brussel\/' title='Stefaan De Winter :\u00a0Les Petits Oignons, een bruisende brasserie in het hart van Brussel'>Stefaan De Winter :\u00a0Les Petits Oignons, een bruisende brasserie in het hart van Brussel<\/a><\/h3><span class=\"av-vertical-delimiter\"><\/span><\/header><\/div><footer class=\"entry-footer\"><\/footer><span class='hidden'>\n\t\t\t\t<span class='av-structured-data'  itemprop=\"image\" itemscope=\"itemscope\" itemtype=\"https:\/\/schema.org\/ImageObject\" >\n\t\t\t\t\t\t<span itemprop='url'>https:\/\/restaurant-petits-oignons-bruxelles.be\/wp-content\/uploads\/sites\/50\/2025\/04\/IMG_6292-scaled.jpg<\/span>\n\t\t\t\t\t\t<span itemprop='height'>2560<\/span>\n\t\t\t\t\t\t<span itemprop='width'>1707<\/span>\n\t\t\t\t<\/span>\n\t\t\t\t<span class='av-structured-data'  itemprop=\"publisher\" itemtype=\"https:\/\/schema.org\/Organization\" itemscope=\"itemscope\" >\n\t\t\t\t\t\t<span itemprop='name'>Pierre Debski<\/span>\n\t\t\t\t\t\t<span itemprop='logo' itemscope itemtype='https:\/\/schema.org\/ImageObject'>\n\t\t\t\t\t\t\t<span itemprop='url'>https:\/\/petitsoignons.complexe.foodle.co\/wp-content\/uploads\/sites\/50\/2023\/04\/LesPetitsOignons-Sablon.png<\/span>\n\t\t\t\t\t\t<\/span>\n\t\t\t\t<\/span><span class='av-structured-data'  itemprop=\"author\" itemscope=\"itemscope\" itemtype=\"https:\/\/schema.org\/Person\" ><span itemprop='name'>Pierre Debski<\/span><\/span><span class='av-structured-data'  itemprop=\"datePublished\" datetime=\"2023-02-21T10:40:50+01:00\" >2025-04-29 21:02:34<\/span><span class='av-structured-data'  itemprop=\"dateModified\" itemtype=\"https:\/\/schema.org\/dateModified\" >2025-04-29 21:09:09<\/span><span class='av-structured-data'  itemprop=\"mainEntityOfPage\" itemtype=\"https:\/\/schema.org\/mainEntityOfPage\" ><span itemprop='name'>Stefaan De Winter :\u00a0Les Petits Oignons, een bruisende brasserie in het hart van Brussel<\/span><\/span><\/span><\/article><\/div><\/div><div class='pagination-wrap pagination-slider'><nav class='pagination'><span class='pagination-meta'>Page 1 of 7<\/span><span class='current'>1<\/span><a href='https:\/\/restaurant-petits-oignons-bruxelles.be\/en\/wp-json\/wp\/v2\/pages\/3069\/?avia-element-paging=2' class='inactive next_page' >2<\/a><a href='https:\/\/restaurant-petits-oignons-bruxelles.be\/en\/wp-json\/wp\/v2\/pages\/3069\/?avia-element-paging=3' class='inactive' >3<\/a><a href='https:\/\/restaurant-petits-oignons-bruxelles.be\/en\/wp-json\/wp\/v2\/pages\/3069\/?avia-element-paging=2'>&rsaquo;<\/a><a href='https:\/\/restaurant-petits-oignons-bruxelles.be\/en\/wp-json\/wp\/v2\/pages\/3069\/?avia-element-paging=7'>&raquo;<\/a><\/nav>\n<\/div><\/div>\n\n","protected":false},"excerpt":{"rendered":"","protected":false},"author":2,"featured_media":0,"parent":0,"menu_order":0,"comment_status":"closed","ping_status":"closed","template":"","meta":{"footnotes":""},"class_list":["post-3069","page","type-page","status-publish","hentry"],"yoast_head":"<!-- This site is optimized with the Yoast SEO plugin v27.3 - https:\/\/yoast.com\/product\/yoast-seo-wordpress\/ -->\n<title>Press - Les Petits Oignons<\/title>\n<meta name=\"robots\" content=\"index, follow, max-snippet:-1, max-image-preview:large, max-video-preview:-1\" \/>\n<link rel=\"canonical\" href=\"https:\/\/restaurant-petits-oignons-bruxelles.be\/en\/press\/\" \/>\n<meta property=\"og:locale\" content=\"en_US\" \/>\n<meta property=\"og:type\" content=\"article\" \/>\n<meta property=\"og:title\" content=\"Press - Les Petits Oignons\" \/>\n<meta property=\"og:url\" content=\"https:\/\/restaurant-petits-oignons-bruxelles.be\/en\/press\/\" \/>\n<meta property=\"og:site_name\" content=\"Les Petits Oignons\" \/>\n<meta property=\"article:publisher\" content=\"https:\/\/www.facebook.com\/petitsoignons\" \/>\n<meta property=\"article:modified_time\" content=\"2023-04-13T13:56:08+00:00\" \/>\n<meta name=\"twitter:card\" content=\"summary_large_image\" \/>\n<meta name=\"twitter:label1\" content=\"Est. reading time\" \/>\n\t<meta name=\"twitter:data1\" content=\"2 minutes\" \/>\n<script type=\"application\/ld+json\" class=\"yoast-schema-graph\">{\"@context\":\"https:\\\/\\\/schema.org\",\"@graph\":[{\"@type\":\"WebPage\",\"@id\":\"https:\\\/\\\/restaurant-petits-oignons-bruxelles.be\\\/en\\\/press\\\/\",\"url\":\"https:\\\/\\\/restaurant-petits-oignons-bruxelles.be\\\/en\\\/press\\\/\",\"name\":\"Press - Les Petits Oignons\",\"isPartOf\":{\"@id\":\"https:\\\/\\\/restaurant-petits-oignons-bruxelles.be\\\/en\\\/#website\"},\"datePublished\":\"2023-02-21T09:40:50+00:00\",\"dateModified\":\"2023-04-13T13:56:08+00:00\",\"breadcrumb\":{\"@id\":\"https:\\\/\\\/restaurant-petits-oignons-bruxelles.be\\\/en\\\/press\\\/#breadcrumb\"},\"inLanguage\":\"en-US\",\"potentialAction\":[{\"@type\":\"ReadAction\",\"target\":[\"https:\\\/\\\/restaurant-petits-oignons-bruxelles.be\\\/en\\\/press\\\/\"]}]},{\"@type\":\"BreadcrumbList\",\"@id\":\"https:\\\/\\\/restaurant-petits-oignons-bruxelles.be\\\/en\\\/press\\\/#breadcrumb\",\"itemListElement\":[{\"@type\":\"ListItem\",\"position\":1,\"name\":\"Accueil\",\"item\":\"https:\\\/\\\/restaurant-petits-oignons-bruxelles.be\\\/en\\\/\"},{\"@type\":\"ListItem\",\"position\":2,\"name\":\"Press\"}]},{\"@type\":\"WebSite\",\"@id\":\"https:\\\/\\\/restaurant-petits-oignons-bruxelles.be\\\/en\\\/#website\",\"url\":\"https:\\\/\\\/restaurant-petits-oignons-bruxelles.be\\\/en\\\/\",\"name\":\"Les Petits Oignons\",\"description\":\"Cuisine de brasserie d\u2019inspiration fran\u00e7aise et m\u00e9diterran\u00e9enne \u00e0 Bruxelles.\",\"publisher\":{\"@id\":\"https:\\\/\\\/restaurant-petits-oignons-bruxelles.be\\\/en\\\/#organization\"},\"potentialAction\":[{\"@type\":\"SearchAction\",\"target\":{\"@type\":\"EntryPoint\",\"urlTemplate\":\"https:\\\/\\\/restaurant-petits-oignons-bruxelles.be\\\/en\\\/?s={search_term_string}\"},\"query-input\":{\"@type\":\"PropertyValueSpecification\",\"valueRequired\":true,\"valueName\":\"search_term_string\"}}],\"inLanguage\":\"en-US\"},{\"@type\":\"Organization\",\"@id\":\"https:\\\/\\\/restaurant-petits-oignons-bruxelles.be\\\/en\\\/#organization\",\"name\":\"Les Petits Oignons\",\"url\":\"https:\\\/\\\/restaurant-petits-oignons-bruxelles.be\\\/en\\\/\",\"logo\":{\"@type\":\"ImageObject\",\"inLanguage\":\"en-US\",\"@id\":\"https:\\\/\\\/restaurant-petits-oignons-bruxelles.be\\\/en\\\/#\\\/schema\\\/logo\\\/image\\\/\",\"url\":\"https:\\\/\\\/petitsoignons.complexe.foodle.co\\\/wp-content\\\/uploads\\\/sites\\\/50\\\/2023\\\/01\\\/LOGO-petits-oignons.png\",\"contentUrl\":\"https:\\\/\\\/petitsoignons.complexe.foodle.co\\\/wp-content\\\/uploads\\\/sites\\\/50\\\/2023\\\/01\\\/LOGO-petits-oignons.png\",\"width\":822,\"height\":125,\"caption\":\"Les Petits Oignons\"},\"image\":{\"@id\":\"https:\\\/\\\/restaurant-petits-oignons-bruxelles.be\\\/en\\\/#\\\/schema\\\/logo\\\/image\\\/\"},\"sameAs\":[\"https:\\\/\\\/www.facebook.com\\\/petitsoignons\",\"https:\\\/\\\/www.instagram.com\\\/lespetitsoignons\\\/\"]}]}<\/script>\n<!-- \/ Yoast SEO plugin. -->","yoast_head_json":{"title":"Press - Les Petits Oignons","robots":{"index":"index","follow":"follow","max-snippet":"max-snippet:-1","max-image-preview":"max-image-preview:large","max-video-preview":"max-video-preview:-1"},"canonical":"https:\/\/restaurant-petits-oignons-bruxelles.be\/en\/press\/","og_locale":"en_US","og_type":"article","og_title":"Press - Les Petits Oignons","og_url":"https:\/\/restaurant-petits-oignons-bruxelles.be\/en\/press\/","og_site_name":"Les Petits Oignons","article_publisher":"https:\/\/www.facebook.com\/petitsoignons","article_modified_time":"2023-04-13T13:56:08+00:00","twitter_card":"summary_large_image","twitter_misc":{"Est. reading time":"2 minutes"},"schema":{"@context":"https:\/\/schema.org","@graph":[{"@type":"WebPage","@id":"https:\/\/restaurant-petits-oignons-bruxelles.be\/en\/press\/","url":"https:\/\/restaurant-petits-oignons-bruxelles.be\/en\/press\/","name":"Press - Les Petits Oignons","isPartOf":{"@id":"https:\/\/restaurant-petits-oignons-bruxelles.be\/en\/#website"},"datePublished":"2023-02-21T09:40:50+00:00","dateModified":"2023-04-13T13:56:08+00:00","breadcrumb":{"@id":"https:\/\/restaurant-petits-oignons-bruxelles.be\/en\/press\/#breadcrumb"},"inLanguage":"en-US","potentialAction":[{"@type":"ReadAction","target":["https:\/\/restaurant-petits-oignons-bruxelles.be\/en\/press\/"]}]},{"@type":"BreadcrumbList","@id":"https:\/\/restaurant-petits-oignons-bruxelles.be\/en\/press\/#breadcrumb","itemListElement":[{"@type":"ListItem","position":1,"name":"Accueil","item":"https:\/\/restaurant-petits-oignons-bruxelles.be\/en\/"},{"@type":"ListItem","position":2,"name":"Press"}]},{"@type":"WebSite","@id":"https:\/\/restaurant-petits-oignons-bruxelles.be\/en\/#website","url":"https:\/\/restaurant-petits-oignons-bruxelles.be\/en\/","name":"Les Petits Oignons","description":"Cuisine de brasserie d\u2019inspiration fran\u00e7aise et m\u00e9diterran\u00e9enne \u00e0 Bruxelles.","publisher":{"@id":"https:\/\/restaurant-petits-oignons-bruxelles.be\/en\/#organization"},"potentialAction":[{"@type":"SearchAction","target":{"@type":"EntryPoint","urlTemplate":"https:\/\/restaurant-petits-oignons-bruxelles.be\/en\/?s={search_term_string}"},"query-input":{"@type":"PropertyValueSpecification","valueRequired":true,"valueName":"search_term_string"}}],"inLanguage":"en-US"},{"@type":"Organization","@id":"https:\/\/restaurant-petits-oignons-bruxelles.be\/en\/#organization","name":"Les Petits Oignons","url":"https:\/\/restaurant-petits-oignons-bruxelles.be\/en\/","logo":{"@type":"ImageObject","inLanguage":"en-US","@id":"https:\/\/restaurant-petits-oignons-bruxelles.be\/en\/#\/schema\/logo\/image\/","url":"https:\/\/petitsoignons.complexe.foodle.co\/wp-content\/uploads\/sites\/50\/2023\/01\/LOGO-petits-oignons.png","contentUrl":"https:\/\/petitsoignons.complexe.foodle.co\/wp-content\/uploads\/sites\/50\/2023\/01\/LOGO-petits-oignons.png","width":822,"height":125,"caption":"Les Petits Oignons"},"image":{"@id":"https:\/\/restaurant-petits-oignons-bruxelles.be\/en\/#\/schema\/logo\/image\/"},"sameAs":["https:\/\/www.facebook.com\/petitsoignons","https:\/\/www.instagram.com\/lespetitsoignons\/"]}]}},"_links":{"self":[{"href":"https:\/\/restaurant-petits-oignons-bruxelles.be\/en\/wp-json\/wp\/v2\/pages\/3069","targetHints":{"allow":["GET"]}}],"collection":[{"href":"https:\/\/restaurant-petits-oignons-bruxelles.be\/en\/wp-json\/wp\/v2\/pages"}],"about":[{"href":"https:\/\/restaurant-petits-oignons-bruxelles.be\/en\/wp-json\/wp\/v2\/types\/page"}],"author":[{"embeddable":true,"href":"https:\/\/restaurant-petits-oignons-bruxelles.be\/en\/wp-json\/wp\/v2\/users\/2"}],"replies":[{"embeddable":true,"href":"https:\/\/restaurant-petits-oignons-bruxelles.be\/en\/wp-json\/wp\/v2\/comments?post=3069"}],"version-history":[{"count":4,"href":"https:\/\/restaurant-petits-oignons-bruxelles.be\/en\/wp-json\/wp\/v2\/pages\/3069\/revisions"}],"predecessor-version":[{"id":3084,"href":"https:\/\/restaurant-petits-oignons-bruxelles.be\/en\/wp-json\/wp\/v2\/pages\/3069\/revisions\/3084"}],"wp:attachment":[{"href":"https:\/\/restaurant-petits-oignons-bruxelles.be\/en\/wp-json\/wp\/v2\/media?parent=3069"}],"curies":[{"name":"wp","href":"https:\/\/api.w.org\/{rel}","templated":true}]}}