{"id":3075,"date":"2023-02-21T10:31:49","date_gmt":"2023-02-21T09:31:49","guid":{"rendered":"https:\/\/petitsoignons.complexe.foodle.co\/restaurant-brussels-sablon\/"},"modified":"2024-10-04T21:11:23","modified_gmt":"2024-10-04T19:11:23","slug":"restaurant-brussels-sablon","status":"publish","type":"page","link":"https:\/\/restaurant-petits-oignons-bruxelles.be\/en\/restaurant-brussels-sablon\/","title":{"rendered":"Restaurant Brussels Sablon"},"content":{"rendered":"<div id='av_section_1'  class='avia-section av-lg11jv-8ce05ff502d00c5dbc7b336fb68cf786 main_color avia-section-default avia-no-border-styling  avia-builder-el-0  el_before_av_section  avia-builder-el-first  avia-bg-style-scroll container_wrap fullsize'  ><div class='container av-section-cont-open' ><main  role=\"main\" itemprop=\"mainContentOfPage\"  class='template-page content  av-content-full alpha units'><div class='post-entry post-entry-type-page post-entry-3075'><div class='entry-content-wrapper clearfix'>\n\n<style type=\"text\/css\" data-created_by=\"avia_inline_auto\" id=\"style-css-av-lee1hykv-17ca163654756656e3ea51e9c35529a5\">\n#top .av-special-heading.av-lee1hykv-17ca163654756656e3ea51e9c35529a5{\npadding-bottom:10px;\n}\nbody .av-special-heading.av-lee1hykv-17ca163654756656e3ea51e9c35529a5 .av-special-heading-tag .heading-char{\nfont-size:25px;\n}\n.av-special-heading.av-lee1hykv-17ca163654756656e3ea51e9c35529a5 .av-subheading{\nfont-size:15px;\n}\n<\/style>\n<div  class='av-special-heading av-lee1hykv-17ca163654756656e3ea51e9c35529a5 av-special-heading-h1 blockquote modern-quote  avia-builder-el-1  el_before_av_hr  avia-builder-el-first '><h1 class='av-special-heading-tag '  itemprop=\"headline\"  >Restaurant Brussels Sablon<\/h1><div class=\"special-heading-border\"><div class=\"special-heading-inner-border\"><\/div><\/div><\/div>\n<div  class='hr av-jna5ij-bc33670552fbb840a0089714a8f01bf6 hr-default  avia-builder-el-2  el_after_av_heading  el_before_av_textblock '><span class='hr-inner '><span class=\"hr-inner-style\"><\/span><\/span><\/div>\n<section  class='av_textblock_section av-lee1jrx9-b8698d538c7b627400d537f85f281a59 '   itemscope=\"itemscope\" itemtype=\"https:\/\/schema.org\/CreativeWork\" ><div class='avia_textblock'  itemprop=\"text\" ><p>Restaurant Brussels Sablon, Les Petits Oignons are in the heart of Brussels at the Sablon.<\/p>\n<\/div><\/section>\n\n<\/div><\/div><\/main><!-- close content main element --><\/div><\/div><div id='av_section_2'  class='avia-section av-154117-f5491decccf2476097de30ef9d65b4b3 main_color avia-section-default avia-no-border-styling  avia-builder-el-4  el_after_av_section  avia-builder-el-last  avia-bg-style-scroll container_wrap fullsize'  ><div class='container av-section-cont-open' ><div class='template-page content  av-content-full alpha units'><div class='post-entry post-entry-type-page post-entry-3075'><div class='entry-content-wrapper clearfix'>\n<div  class='flex_column av-6hqm3f-cf8ec94e04fa8303fa820becfcc67357 av_one_half  avia-builder-el-5  el_before_av_one_half  avia-builder-el-first  first flex_column_div  '     ><\/div><div  class='flex_column av-3lmr97-a772f40ac167cca4339982d8ed627a98 av_one_half  avia-builder-el-6  el_after_av_one_half  el_before_av_one_half  flex_column_div  '     ><\/div><div  class='flex_column av-8qhf5n-d9463436a8258b224d5a41f6653e08a2 av_one_half  avia-builder-el-7  el_after_av_one_half  el_before_av_one_half  first flex_column_div  column-top-margin'     ><p>\n<style type=\"text\/css\" data-created_by=\"avia_inline_auto\" id=\"style-css-av-6z9m57-863a7304b5a3ccf6bc8812162be68870\">\n#top .av-special-heading.av-6z9m57-863a7304b5a3ccf6bc8812162be68870{\npadding-bottom:10px;\n}\nbody .av-special-heading.av-6z9m57-863a7304b5a3ccf6bc8812162be68870 .av-special-heading-tag .heading-char{\nfont-size:25px;\n}\n.av-special-heading.av-6z9m57-863a7304b5a3ccf6bc8812162be68870 .av-subheading{\nfont-size:15px;\n}\n<\/style>\n<div  class='av-special-heading av-6z9m57-863a7304b5a3ccf6bc8812162be68870 av-special-heading-h2 blockquote modern-quote  avia-builder-el-8  el_before_av_hr  avia-builder-el-first '><h2 class='av-special-heading-tag '  itemprop=\"headline\"  >Infos<\/h2><div class=\"special-heading-border\"><div class=\"special-heading-inner-border\"><\/div><\/div><\/div><br \/>\n<div  class='hr av-6b79vf-5e037c65fc48ba729db0edfb4c15799a hr-default  avia-builder-el-9  el_after_av_heading  el_before_av_iconlist '><span class='hr-inner '><span class=\"hr-inner-style\"><\/span><\/span><\/div><br \/>\n\n<style type=\"text\/css\" data-created_by=\"avia_inline_auto\" id=\"style-css-av-lee1msoe-c45f6afa2cd013ffe7e12e70dd1b6a78\">\n#top .avia-icon-list-container.av-lee1msoe-c45f6afa2cd013ffe7e12e70dd1b6a78 .iconlist_icon{\nfont-size:18px;\n}\n#top .avia-icon-list-container.av-lee1msoe-c45f6afa2cd013ffe7e12e70dd1b6a78 .iconlist_icon svg:first-child{\nheight:18px;\nwidth:18px;\n}\n#top #wrap_all .avia-icon-list-container.av-lee1msoe-c45f6afa2cd013ffe7e12e70dd1b6a78 .av_iconlist_title{\nfont-size:18px;\n}\n<\/style>\n<div  class='avia-icon-list-container av-lee1msoe-c45f6afa2cd013ffe7e12e70dd1b6a78  avia-builder-el-10  el_after_av_hr  el_before_av_hr '><ul class='avia-icon-list avia_animate_when_almost_visible avia-icon-list-left av-iconlist-small av-lee1msoe-c45f6afa2cd013ffe7e12e70dd1b6a78 avia-iconlist-animate'>\n<li><div class='iconlist_icon av-lee1lb2t-39758c587f480a3fc0f73e207defbf27 avia-font-entypo-fontello avia-iconfont avia-font-entypo-fontello'><span class='av-icon-char' data-av_icon='\ue842' data-av_iconfont='entypo-fontello' aria-hidden=\"true\"><\/span><\/div><article class=\"article-icon-entry \"  itemscope=\"itemscope\" itemtype=\"https:\/\/schema.org\/CreativeWork\" ><div class=\"iconlist_content_wrap\"><header class=\"entry-content-header\" aria-label=\"Icon: Address\"><div class='av_iconlist_title iconlist_title_small  '  itemprop=\"headline\" >Address<\/div><\/header><div class='iconlist_content '  itemprop=\"text\" ><p>Rue de la r\u00e9gence, 25 &#8211; 1000 Brussel<\/p>\n<\/div><\/div><footer class=\"entry-footer\"><\/footer><\/article><div class=\"iconlist-timeline\"><\/div><\/li>\n<li><div class='iconlist_icon av-lee1ljdz-6265c8183ee3344859b4f64df27c7192 avia-font-entypo-fontello avia-iconfont avia-font-entypo-fontello'><span class='av-icon-char' data-av_icon='\ue854' data-av_iconfont='entypo-fontello' aria-hidden=\"true\"><\/span><\/div><article class=\"article-icon-entry \"  itemscope=\"itemscope\" itemtype=\"https:\/\/schema.org\/CreativeWork\" ><div class=\"iconlist_content_wrap\"><header class=\"entry-content-header\" aria-label=\"Icon: Call us\"><div class='av_iconlist_title iconlist_title_small  '  itemprop=\"headline\" >Call us<\/div><\/header><div class='iconlist_content '  itemprop=\"text\" ><p><a href=\"tel:02 511 76 15\" target=\"_blank\" rel=\"noopener\">02 511 76 15<\/a><\/p>\n<\/div><\/div><footer class=\"entry-footer\"><\/footer><\/article><div class=\"iconlist-timeline\"><\/div><\/li>\n<li><div class='iconlist_icon av-lee1m97a-c7c3cdc24b8336c425de3e79076a73a0 avia-font-entypo-fontello avia-iconfont avia-font-entypo-fontello'><span class='av-icon-char' data-av_icon='\ue805' data-av_iconfont='entypo-fontello' aria-hidden=\"true\"><\/span><\/div><article class=\"article-icon-entry \"  itemscope=\"itemscope\" itemtype=\"https:\/\/schema.org\/CreativeWork\" ><div class=\"iconlist_content_wrap\"><header class=\"entry-content-header\" aria-label=\"Icon: Contact us\"><div class='av_iconlist_title iconlist_title_small  '  itemprop=\"headline\" >Contact us<\/div><\/header><div class='iconlist_content '  itemprop=\"text\" ><p>Via our <a href=\"\/en\/#contact\" target=\"_blank\" rel=\"noopener\">contact form<\/a><br class=\"avia-permanent-lb\" \/><br class=\"avia-permanent-lb\" \/><\/p>\n<\/div><\/div><footer class=\"entry-footer\"><\/footer><\/article><div class=\"iconlist-timeline\"><\/div><\/li>\n<li><div class='iconlist_icon av-lee1m97a-13-0fa1ed6eea5529adb997467c2670c13a avia-font-entypo-fontello avia-iconfont avia-font-entypo-fontello'><span class='av-icon-char' data-av_icon='\ue862' data-av_iconfont='entypo-fontello' aria-hidden=\"true\"><\/span><\/div><article class=\"article-icon-entry \"  itemscope=\"itemscope\" itemtype=\"https:\/\/schema.org\/CreativeWork\" ><div class=\"iconlist_content_wrap\"><header class=\"entry-content-header\" aria-label=\"Icon: Opening hour\"><div class='av_iconlist_title iconlist_title_small  '  itemprop=\"headline\" >Opening hour<\/div><\/header><div class='iconlist_content '  itemprop=\"text\" ><p><strong>OPEN: 7 days a week<\/strong><\/p>\n<p><strong>NOON<\/strong><br \/>\nMonday to Sunday: from 12:00 to 14:30<\/p>\n<p><strong>EVENING<\/strong><br \/>\nSunday to Thursday: from 18:30pm to 10.30pm<br \/>\nFriday and Saturday: from 18:30pm to 11pm<\/p>\n<p>Last order 15 minutes before closing time of the kitchen<\/p>\n<\/div><\/div><footer class=\"entry-footer\"><\/footer><\/article><div class=\"iconlist-timeline\"><\/div><\/li>\n<\/ul><\/div><br \/>\n\n<style type=\"text\/css\" data-created_by=\"avia_inline_auto\" id=\"style-css-av-lhkiiy5h-fe4d49701fea7dafa56b80c71c0539d5\">\n#top .hr.av-lhkiiy5h-fe4d49701fea7dafa56b80c71c0539d5{\nmargin-top:30px;\nmargin-bottom:30px;\n}\n.hr.av-lhkiiy5h-fe4d49701fea7dafa56b80c71c0539d5 .hr-inner{\nwidth:50px;\nmax-width:45%;\n}\n<\/style>\n<div  class='hr av-lhkiiy5h-fe4d49701fea7dafa56b80c71c0539d5 hr-custom  avia-builder-el-11  el_after_av_iconlist  el_before_av_codeblock  hr-center hr-icon-yes'><span class='hr-inner inner-border-av-border-thin'><span class=\"hr-inner-style\"><\/span><\/span><span class='av-seperator-icon avia-iconfont avia-font-entypo-fontello' data-av_icon='\ue808' data-av_iconfont='entypo-fontello' ><\/span><span class='hr-inner inner-border-av-border-thin'><span class=\"hr-inner-style\"><\/span><\/span><\/div><br \/>\n<\/p><\/div><div  class='flex_column av-4b2tnf-7620dcd30503c5fb8f9b606dd7c3eaa1 av_one_half  avia-builder-el-13  el_after_av_one_half  avia-builder-el-last  flex_column_div  column-top-margin'     ><p>\n<style type=\"text\/css\" data-created_by=\"avia_inline_auto\" id=\"style-css-av-lee1kfin-f310d346eefc60d006b252f26b5fddcb\">\n#top .av-special-heading.av-lee1kfin-f310d346eefc60d006b252f26b5fddcb{\npadding-bottom:10px;\n}\nbody .av-special-heading.av-lee1kfin-f310d346eefc60d006b252f26b5fddcb .av-special-heading-tag .heading-char{\nfont-size:25px;\n}\n.av-special-heading.av-lee1kfin-f310d346eefc60d006b252f26b5fddcb .av-subheading{\nfont-size:15px;\n}\n<\/style>\n<div  class='av-special-heading av-lee1kfin-f310d346eefc60d006b252f26b5fddcb av-special-heading-h2 blockquote modern-quote  avia-builder-el-14  el_before_av_textblock  avia-builder-el-first '><h2 class='av-special-heading-tag '  itemprop=\"headline\"  >Getting There<\/h2><div class=\"special-heading-border\"><div class=\"special-heading-inner-border\"><\/div><\/div><\/div><br \/>\n<section  class='av_textblock_section av-1vtqy3-551decaf707a67a381494122cc88b074 '   itemscope=\"itemscope\" itemtype=\"https:\/\/schema.org\/CreativeWork\" ><div class='avia_textblock'  itemprop=\"text\" ><p>Our restaurant is accessible by public transport and car.<\/p>\n<p>By car, you can use Parking Poelart, located 250 meters from our establishment.<\/p>\n<p>We also have a bus stop, a streetcar stop and a metro stop nearby (the &#8220;Petit Sablon&#8221; stop if you&#8217;re coming by streetcar or bus, and the &#8220;Louise&#8221; stop if you&#8217;re coming by metro).<\/p>\n<\/div><\/section><br \/>\n<div  class='hr av-34g6qj-0cac8138879226700a50ff819c0cee1c hr-default  avia-builder-el-16  el_after_av_textblock  el_before_av_codeblock '><span class='hr-inner '><span class=\"hr-inner-style\"><\/span><\/span><\/div><br \/>\n<\/p><\/div>\n","protected":false},"excerpt":{"rendered":"","protected":false},"author":2,"featured_media":0,"parent":0,"menu_order":0,"comment_status":"closed","ping_status":"closed","template":"","meta":{"footnotes":""},"class_list":["post-3075","page","type-page","status-publish","hentry"],"yoast_head":"<!-- This site is optimized with the Yoast SEO plugin v27.5 - https:\/\/yoast.com\/product\/yoast-seo-wordpress\/ -->\n<title>Restaurant Brussels Sablon - Les Petits Oignons<\/title>\n<meta name=\"robots\" content=\"index, follow, max-snippet:-1, max-image-preview:large, max-video-preview:-1\" \/>\n<link rel=\"canonical\" href=\"https:\/\/restaurant-petits-oignons-bruxelles.be\/en\/restaurant-brussels-sablon\/\" \/>\n<meta property=\"og:locale\" content=\"en_US\" \/>\n<meta property=\"og:type\" content=\"article\" \/>\n<meta property=\"og:title\" content=\"Restaurant Brussels Sablon - Les Petits Oignons\" \/>\n<meta property=\"og:url\" content=\"https:\/\/restaurant-petits-oignons-bruxelles.be\/en\/restaurant-brussels-sablon\/\" \/>\n<meta property=\"og:site_name\" content=\"Les Petits Oignons\" \/>\n<meta property=\"article:publisher\" content=\"https:\/\/www.facebook.com\/petitsoignons\" \/>\n<meta property=\"article:modified_time\" content=\"2024-10-04T19:11:23+00:00\" \/>\n<meta name=\"twitter:card\" content=\"summary_large_image\" \/>\n<meta name=\"twitter:label1\" content=\"Est. reading time\" \/>\n\t<meta name=\"twitter:data1\" content=\"1 minute\" \/>\n<script type=\"application\/ld+json\" class=\"yoast-schema-graph\">{\"@context\":\"https:\\\/\\\/schema.org\",\"@graph\":[{\"@type\":\"WebPage\",\"@id\":\"https:\\\/\\\/restaurant-petits-oignons-bruxelles.be\\\/en\\\/restaurant-brussels-sablon\\\/\",\"url\":\"https:\\\/\\\/restaurant-petits-oignons-bruxelles.be\\\/en\\\/restaurant-brussels-sablon\\\/\",\"name\":\"Restaurant Brussels Sablon - Les Petits Oignons\",\"isPartOf\":{\"@id\":\"https:\\\/\\\/restaurant-petits-oignons-bruxelles.be\\\/en\\\/#website\"},\"datePublished\":\"2023-02-21T09:31:49+00:00\",\"dateModified\":\"2024-10-04T19:11:23+00:00\",\"breadcrumb\":{\"@id\":\"https:\\\/\\\/restaurant-petits-oignons-bruxelles.be\\\/en\\\/restaurant-brussels-sablon\\\/#breadcrumb\"},\"inLanguage\":\"en-US\",\"potentialAction\":[{\"@type\":\"ReadAction\",\"target\":[\"https:\\\/\\\/restaurant-petits-oignons-bruxelles.be\\\/en\\\/restaurant-brussels-sablon\\\/\"]}]},{\"@type\":\"BreadcrumbList\",\"@id\":\"https:\\\/\\\/restaurant-petits-oignons-bruxelles.be\\\/en\\\/restaurant-brussels-sablon\\\/#breadcrumb\",\"itemListElement\":[{\"@type\":\"ListItem\",\"position\":1,\"name\":\"Accueil\",\"item\":\"https:\\\/\\\/restaurant-petits-oignons-bruxelles.be\\\/en\\\/\"},{\"@type\":\"ListItem\",\"position\":2,\"name\":\"Restaurant Brussels Sablon\"}]},{\"@type\":\"WebSite\",\"@id\":\"https:\\\/\\\/restaurant-petits-oignons-bruxelles.be\\\/en\\\/#website\",\"url\":\"https:\\\/\\\/restaurant-petits-oignons-bruxelles.be\\\/en\\\/\",\"name\":\"Les Petits Oignons\",\"description\":\"Cuisine de brasserie d\u2019inspiration fran\u00e7aise et m\u00e9diterran\u00e9enne \u00e0 Bruxelles.\",\"publisher\":{\"@id\":\"https:\\\/\\\/restaurant-petits-oignons-bruxelles.be\\\/en\\\/#organization\"},\"potentialAction\":[{\"@type\":\"SearchAction\",\"target\":{\"@type\":\"EntryPoint\",\"urlTemplate\":\"https:\\\/\\\/restaurant-petits-oignons-bruxelles.be\\\/en\\\/?s={search_term_string}\"},\"query-input\":{\"@type\":\"PropertyValueSpecification\",\"valueRequired\":true,\"valueName\":\"search_term_string\"}}],\"inLanguage\":\"en-US\"},{\"@type\":\"Organization\",\"@id\":\"https:\\\/\\\/restaurant-petits-oignons-bruxelles.be\\\/en\\\/#organization\",\"name\":\"Les Petits Oignons\",\"url\":\"https:\\\/\\\/restaurant-petits-oignons-bruxelles.be\\\/en\\\/\",\"logo\":{\"@type\":\"ImageObject\",\"inLanguage\":\"en-US\",\"@id\":\"https:\\\/\\\/restaurant-petits-oignons-bruxelles.be\\\/en\\\/#\\\/schema\\\/logo\\\/image\\\/\",\"url\":\"https:\\\/\\\/petitsoignons.complexe.foodle.co\\\/wp-content\\\/uploads\\\/sites\\\/50\\\/2023\\\/01\\\/LOGO-petits-oignons.png\",\"contentUrl\":\"https:\\\/\\\/petitsoignons.complexe.foodle.co\\\/wp-content\\\/uploads\\\/sites\\\/50\\\/2023\\\/01\\\/LOGO-petits-oignons.png\",\"width\":822,\"height\":125,\"caption\":\"Les Petits Oignons\"},\"image\":{\"@id\":\"https:\\\/\\\/restaurant-petits-oignons-bruxelles.be\\\/en\\\/#\\\/schema\\\/logo\\\/image\\\/\"},\"sameAs\":[\"https:\\\/\\\/www.facebook.com\\\/petitsoignons\",\"https:\\\/\\\/www.instagram.com\\\/lespetitsoignons\\\/\"]}]}<\/script>\n<!-- \/ Yoast SEO plugin. -->","yoast_head_json":{"title":"Restaurant Brussels Sablon - Les Petits Oignons","robots":{"index":"index","follow":"follow","max-snippet":"max-snippet:-1","max-image-preview":"max-image-preview:large","max-video-preview":"max-video-preview:-1"},"canonical":"https:\/\/restaurant-petits-oignons-bruxelles.be\/en\/restaurant-brussels-sablon\/","og_locale":"en_US","og_type":"article","og_title":"Restaurant Brussels Sablon - Les Petits Oignons","og_url":"https:\/\/restaurant-petits-oignons-bruxelles.be\/en\/restaurant-brussels-sablon\/","og_site_name":"Les Petits Oignons","article_publisher":"https:\/\/www.facebook.com\/petitsoignons","article_modified_time":"2024-10-04T19:11:23+00:00","twitter_card":"summary_large_image","twitter_misc":{"Est. reading time":"1 minute"},"schema":{"@context":"https:\/\/schema.org","@graph":[{"@type":"WebPage","@id":"https:\/\/restaurant-petits-oignons-bruxelles.be\/en\/restaurant-brussels-sablon\/","url":"https:\/\/restaurant-petits-oignons-bruxelles.be\/en\/restaurant-brussels-sablon\/","name":"Restaurant Brussels Sablon - Les Petits Oignons","isPartOf":{"@id":"https:\/\/restaurant-petits-oignons-bruxelles.be\/en\/#website"},"datePublished":"2023-02-21T09:31:49+00:00","dateModified":"2024-10-04T19:11:23+00:00","breadcrumb":{"@id":"https:\/\/restaurant-petits-oignons-bruxelles.be\/en\/restaurant-brussels-sablon\/#breadcrumb"},"inLanguage":"en-US","potentialAction":[{"@type":"ReadAction","target":["https:\/\/restaurant-petits-oignons-bruxelles.be\/en\/restaurant-brussels-sablon\/"]}]},{"@type":"BreadcrumbList","@id":"https:\/\/restaurant-petits-oignons-bruxelles.be\/en\/restaurant-brussels-sablon\/#breadcrumb","itemListElement":[{"@type":"ListItem","position":1,"name":"Accueil","item":"https:\/\/restaurant-petits-oignons-bruxelles.be\/en\/"},{"@type":"ListItem","position":2,"name":"Restaurant Brussels Sablon"}]},{"@type":"WebSite","@id":"https:\/\/restaurant-petits-oignons-bruxelles.be\/en\/#website","url":"https:\/\/restaurant-petits-oignons-bruxelles.be\/en\/","name":"Les Petits Oignons","description":"Cuisine de brasserie d\u2019inspiration fran\u00e7aise et m\u00e9diterran\u00e9enne \u00e0 Bruxelles.","publisher":{"@id":"https:\/\/restaurant-petits-oignons-bruxelles.be\/en\/#organization"},"potentialAction":[{"@type":"SearchAction","target":{"@type":"EntryPoint","urlTemplate":"https:\/\/restaurant-petits-oignons-bruxelles.be\/en\/?s={search_term_string}"},"query-input":{"@type":"PropertyValueSpecification","valueRequired":true,"valueName":"search_term_string"}}],"inLanguage":"en-US"},{"@type":"Organization","@id":"https:\/\/restaurant-petits-oignons-bruxelles.be\/en\/#organization","name":"Les Petits Oignons","url":"https:\/\/restaurant-petits-oignons-bruxelles.be\/en\/","logo":{"@type":"ImageObject","inLanguage":"en-US","@id":"https:\/\/restaurant-petits-oignons-bruxelles.be\/en\/#\/schema\/logo\/image\/","url":"https:\/\/petitsoignons.complexe.foodle.co\/wp-content\/uploads\/sites\/50\/2023\/01\/LOGO-petits-oignons.png","contentUrl":"https:\/\/petitsoignons.complexe.foodle.co\/wp-content\/uploads\/sites\/50\/2023\/01\/LOGO-petits-oignons.png","width":822,"height":125,"caption":"Les Petits Oignons"},"image":{"@id":"https:\/\/restaurant-petits-oignons-bruxelles.be\/en\/#\/schema\/logo\/image\/"},"sameAs":["https:\/\/www.facebook.com\/petitsoignons","https:\/\/www.instagram.com\/lespetitsoignons\/"]}]}},"_links":{"self":[{"href":"https:\/\/restaurant-petits-oignons-bruxelles.be\/en\/wp-json\/wp\/v2\/pages\/3075","targetHints":{"allow":["GET"]}}],"collection":[{"href":"https:\/\/restaurant-petits-oignons-bruxelles.be\/en\/wp-json\/wp\/v2\/pages"}],"about":[{"href":"https:\/\/restaurant-petits-oignons-bruxelles.be\/en\/wp-json\/wp\/v2\/types\/page"}],"author":[{"embeddable":true,"href":"https:\/\/restaurant-petits-oignons-bruxelles.be\/en\/wp-json\/wp\/v2\/users\/2"}],"replies":[{"embeddable":true,"href":"https:\/\/restaurant-petits-oignons-bruxelles.be\/en\/wp-json\/wp\/v2\/comments?post=3075"}],"version-history":[{"count":15,"href":"https:\/\/restaurant-petits-oignons-bruxelles.be\/en\/wp-json\/wp\/v2\/pages\/3075\/revisions"}],"predecessor-version":[{"id":4069,"href":"https:\/\/restaurant-petits-oignons-bruxelles.be\/en\/wp-json\/wp\/v2\/pages\/3075\/revisions\/4069"}],"wp:attachment":[{"href":"https:\/\/restaurant-petits-oignons-bruxelles.be\/en\/wp-json\/wp\/v2\/media?parent=3075"}],"curies":[{"name":"wp","href":"https:\/\/api.w.org\/{rel}","templated":true}]}}